{"id":1655,"date":"2026-03-19T11:12:33","date_gmt":"2026-03-19T11:12:33","guid":{"rendered":"https:\/\/lina-production.com\/?post_type=product&#038;p=1655"},"modified":"2026-03-19T11:12:33","modified_gmt":"2026-03-19T11:12:33","slug":"jean-baggy-taille-haute-style-confort-au-quotidien","status":"publish","type":"product","link":"https:\/\/lina-production.com\/en\/product\/jean-baggy-taille-haute-style-confort-au-quotidien\/","title":{"rendered":"Jean Baggy Taille Haute \u2013 Style &#038; Confort au Quotidien"},"content":{"rendered":"<p data-start=\"682\" data-end=\"711\">\ud83d\udd39 <strong data-start=\"685\" data-end=\"709\">D\u00e9tails du produit :<\/strong><\/p>\n<ul data-start=\"712\" data-end=\"893\">\n<li data-section-id=\"bbwx3k\" data-start=\"712\" data-end=\"755\">\n<p data-start=\"714\" data-end=\"755\">Coupe : Baggy \/ droite l\u00e9g\u00e8rement ample<\/p>\n<\/li>\n<li data-section-id=\"1vpmlpi\" data-start=\"756\" data-end=\"774\">\n<p data-start=\"758\" data-end=\"774\">Taille : Haute<\/p>\n<\/li>\n<li data-section-id=\"1y2ys8o\" data-start=\"775\" data-end=\"803\">\n<p data-start=\"777\" data-end=\"803\">Fermeture : Bouton + zip<\/p>\n<\/li>\n<li data-section-id=\"5rmqin\" data-start=\"804\" data-end=\"848\">\n<p data-start=\"806\" data-end=\"848\">Poches : Avant et arri\u00e8re fonctionnelles<\/p>\n<\/li>\n<li data-section-id=\"12wsc64\" data-start=\"849\" data-end=\"893\">\n<p data-start=\"851\" data-end=\"893\">Mati\u00e8re : Denim r\u00e9sistant et confortable<\/p>\n<\/li>\n<\/ul>\n<p data-start=\"895\" data-end=\"1015\">\ud83d\udca1 <strong data-start=\"898\" data-end=\"917\">Conseil style :<\/strong> Associez-le avec des talons pour une touche f\u00e9minine ou des baskets pour un look urbain tendance.<\/p>","protected":false},"excerpt":{"rendered":"<p data-start=\"127\" data-end=\"357\">Adoptez un look tendance avec ce jean baggy \u00e0 la coupe moderne et d\u00e9contract\u00e9e. Con\u00e7u pour allier confort et style, ce pantalon met en valeur la silhouette gr\u00e2ce \u00e0 sa taille haute et sa coupe l\u00e9g\u00e8rement ample au niveau des jambes.<\/p>\n<p data-start=\"359\" data-end=\"573\">Fabriqu\u00e9 dans un denim de qualit\u00e9, il offre une excellente tenue tout en restant agr\u00e9able \u00e0 porter toute la journ\u00e9e. Parfait pour un style casual chic, il se porte facilement avec un top ajust\u00e9 ou un pull oversize.<\/p>","protected":false},"featured_media":1656,"comment_status":"open","ping_status":"closed","template":"","meta":[],"product_brand":[],"product_cat":[23],"product_tag":[],"class_list":{"0":"post-1655","1":"product","2":"type-product","3":"status-publish","4":"has-post-thumbnail","6":"product_cat-pantalons","8":"first","9":"instock","10":"shipping-taxable","11":"purchasable","12":"product-type-variable"},"_links":{"self":[{"href":"https:\/\/lina-production.com\/en\/wp-json\/wp\/v2\/product\/1655","targetHints":{"allow":["GET"]}}],"collection":[{"href":"https:\/\/lina-production.com\/en\/wp-json\/wp\/v2\/product"}],"about":[{"href":"https:\/\/lina-production.com\/en\/wp-json\/wp\/v2\/types\/product"}],"replies":[{"embeddable":true,"href":"https:\/\/lina-production.com\/en\/wp-json\/wp\/v2\/comments?post=1655"}],"version-history":[{"count":1,"href":"https:\/\/lina-production.com\/en\/wp-json\/wp\/v2\/product\/1655\/revisions"}],"predecessor-version":[{"id":1690,"href":"https:\/\/lina-production.com\/en\/wp-json\/wp\/v2\/product\/1655\/revisions\/1690"}],"wp:featuredmedia":[{"embeddable":true,"href":"https:\/\/lina-production.com\/en\/wp-json\/wp\/v2\/media\/1656"}],"wp:attachment":[{"href":"https:\/\/lina-production.com\/en\/wp-json\/wp\/v2\/media?parent=1655"}],"wp:term":[{"taxonomy":"product_brand","embeddable":true,"href":"https:\/\/lina-production.com\/en\/wp-json\/wp\/v2\/product_brand?post=1655"},{"taxonomy":"product_cat","embeddable":true,"href":"https:\/\/lina-production.com\/en\/wp-json\/wp\/v2\/product_cat?post=1655"},{"taxonomy":"product_tag","embeddable":true,"href":"https:\/\/lina-production.com\/en\/wp-json\/wp\/v2\/product_tag?post=1655"}],"curies":[{"name":"wp","href":"https:\/\/api.w.org\/{rel}","templated":true}]}}