{"id":206,"date":"2023-06-15T12:52:28","date_gmt":"2023-06-15T12:52:28","guid":{"rendered":"https:\/\/dummy.xtemos.com\/woodmart2\/kids-elementor\/?post_type=product&#038;p=206"},"modified":"2026-02-26T13:03:08","modified_gmt":"2026-02-26T13:03:08","slug":"gold-dots-suit","status":"publish","type":"product","link":"https:\/\/lina-production.com\/en\/product\/gold-dots-suit\/","title":{"rendered":"Pull basique"},"content":{"rendered":"<p><strong>Pull en coton coupe ajust\u00e9e \u2013 Confort et style au quotidien<\/strong><br \/>\nCe pull en coton 100 % naturel allie douceur, respirabilit\u00e9 et \u00e9l\u00e9gance pour un confort optimal tout au long de la journ\u00e9e. Issu de notre set, il est d\u00e9sormais disponible \u00e0 l\u2019unit\u00e9 pour vous permettre de composer vos looks selon vos envies.<\/p>","protected":false},"excerpt":{"rendered":"<h3 data-start=\"134\" data-end=\"200\">Pull en coton coupe ajust\u00e9e \u2013 Confort et style au quotidien<\/h3>\n<p data-start=\"202\" data-end=\"442\">Ce pull en coton 100 % naturel allie douceur, respirabilit\u00e9 et \u00e9l\u00e9gance pour un confort optimal tout au long de la journ\u00e9e. Issu de notre set, il est d\u00e9sormais disponible \u00e0 l\u2019unit\u00e9 pour vous permettre de composer vos looks selon vos envies.<\/p>\n<p data-start=\"444\" data-end=\"637\">Sa coupe ajust\u00e9e met en valeur la silhouette tout en restant agr\u00e9able \u00e0 porter. Gr\u00e2ce \u00e0 son tissu de qualit\u00e9, il ne gratte pas, ne se d\u00e9forme pas et conserve sa belle tenue lavage apr\u00e8s lavage.<\/p>\n<p data-start=\"639\" data-end=\"742\">Parfait pour un style casual chic, il se porte aussi bien avec un jean qu\u2019avec un pantalon ou une jupe.<\/p>\n<h4 data-start=\"744\" data-end=\"769\">\u2714 Caract\u00e9ristiques :<\/h4>\n<p data-start=\"770\" data-end=\"936\">\u2022 Coton naturel doux et respirant<br data-start=\"803\" data-end=\"806\" \/>\u2022 Coupe ajust\u00e9e moderne<br data-start=\"829\" data-end=\"832\" \/>\u2022 Tissu r\u00e9sistant et durable<br data-start=\"860\" data-end=\"863\" \/>\u2022 Confort id\u00e9al pour un usage quotidien<br data-start=\"902\" data-end=\"905\" \/>\u2022 Adapt\u00e9 \u00e0 toutes les saisons<\/p>","protected":false},"featured_media":1335,"comment_status":"open","ping_status":"closed","template":"","meta":[],"product_brand":[],"product_cat":[29],"product_tag":[],"class_list":{"0":"post-206","1":"product","2":"type-product","3":"status-publish","4":"has-post-thumbnail","6":"product_cat-pull","8":"first","9":"instock","10":"shipping-taxable","11":"purchasable","12":"product-type-variable"},"_links":{"self":[{"href":"https:\/\/lina-production.com\/en\/wp-json\/wp\/v2\/product\/206","targetHints":{"allow":["GET"]}}],"collection":[{"href":"https:\/\/lina-production.com\/en\/wp-json\/wp\/v2\/product"}],"about":[{"href":"https:\/\/lina-production.com\/en\/wp-json\/wp\/v2\/types\/product"}],"replies":[{"embeddable":true,"href":"https:\/\/lina-production.com\/en\/wp-json\/wp\/v2\/comments?post=206"}],"version-history":[{"count":2,"href":"https:\/\/lina-production.com\/en\/wp-json\/wp\/v2\/product\/206\/revisions"}],"predecessor-version":[{"id":1243,"href":"https:\/\/lina-production.com\/en\/wp-json\/wp\/v2\/product\/206\/revisions\/1243"}],"wp:featuredmedia":[{"embeddable":true,"href":"https:\/\/lina-production.com\/en\/wp-json\/wp\/v2\/media\/1335"}],"wp:attachment":[{"href":"https:\/\/lina-production.com\/en\/wp-json\/wp\/v2\/media?parent=206"}],"wp:term":[{"taxonomy":"product_brand","embeddable":true,"href":"https:\/\/lina-production.com\/en\/wp-json\/wp\/v2\/product_brand?post=206"},{"taxonomy":"product_cat","embeddable":true,"href":"https:\/\/lina-production.com\/en\/wp-json\/wp\/v2\/product_cat?post=206"},{"taxonomy":"product_tag","embeddable":true,"href":"https:\/\/lina-production.com\/en\/wp-json\/wp\/v2\/product_tag?post=206"}],"curies":[{"name":"wp","href":"https:\/\/api.w.org\/{rel}","templated":true}]}}