{"id":211,"date":"2023-06-15T12:52:28","date_gmt":"2023-06-15T12:52:28","guid":{"rendered":"https:\/\/dummy.xtemos.com\/woodmart2\/kids-elementor\/?post_type=product&#038;p=211"},"modified":"2026-02-26T13:08:07","modified_gmt":"2026-02-26T13:08:07","slug":"polar-bear-jumper","status":"publish","type":"product","link":"https:\/\/lina-production.com\/en\/product\/polar-bear-jumper\/","title":{"rendered":"Pantalon Coton Large"},"content":{"rendered":"<p data-start=\"121\" data-end=\"167\"><strong data-start=\"121\" data-end=\"165\">Pantalon Coton Large \u2013 Confort Quotidien<\/strong><\/p>\n<p data-start=\"169\" data-end=\"484\">Alliez simplicit\u00e9 et confort avec notre pantalon coton 100\u202f% naturel. Sa coupe l\u00e9g\u00e8rement large en bas assure une libert\u00e9 de mouvement optimale et un style d\u00e9contract\u00e9, parfait pour vos journ\u00e9es actives ou vos moments de d\u00e9tente. Con\u00e7u dans un tissu doux et respirant, il reste agr\u00e9able \u00e0 porter toute la journ\u00e9e.<\/p>","protected":false},"excerpt":{"rendered":"<p data-start=\"121\" data-end=\"167\"><strong data-start=\"121\" data-end=\"165\">Pantalon Coton Large \u2013 Confort Quotidien<\/strong><\/p>\n<p data-start=\"169\" data-end=\"484\">Alliez simplicit\u00e9 et confort avec notre pantalon coton 100\u202f% naturel. Sa coupe l\u00e9g\u00e8rement large en bas assure une libert\u00e9 de mouvement optimale et un style d\u00e9contract\u00e9, parfait pour vos journ\u00e9es actives ou vos moments de d\u00e9tente. Con\u00e7u dans un tissu doux et respirant, il reste agr\u00e9able \u00e0 porter toute la journ\u00e9e.<\/p>\n<ul data-start=\"486\" data-end=\"670\">\n<li data-start=\"486\" data-end=\"532\">\n<p data-start=\"488\" data-end=\"532\">Coupe large en bas pour un confort maximal<\/p>\n<\/li>\n<li data-start=\"533\" data-end=\"573\">\n<p data-start=\"535\" data-end=\"573\">Tissu 100\u202f% coton, doux et respirant<\/p>\n<\/li>\n<li data-start=\"574\" data-end=\"626\">\n<p data-start=\"576\" data-end=\"626\">Basique et facile \u00e0 assortir avec tous vos looks<\/p>\n<\/li>\n<li data-start=\"627\" data-end=\"670\">\n<p data-start=\"629\" data-end=\"670\">Id\u00e9al pour un usage quotidien ou casual<\/p>\n<\/li>\n<\/ul>","protected":false},"featured_media":1334,"comment_status":"open","ping_status":"closed","template":"","meta":[],"product_brand":[],"product_cat":[23],"product_tag":[],"class_list":{"0":"post-211","1":"product","2":"type-product","3":"status-publish","4":"has-post-thumbnail","6":"product_cat-pantalons","8":"first","9":"instock","10":"shipping-taxable","11":"purchasable","12":"product-type-variable"},"_links":{"self":[{"href":"https:\/\/lina-production.com\/en\/wp-json\/wp\/v2\/product\/211","targetHints":{"allow":["GET"]}}],"collection":[{"href":"https:\/\/lina-production.com\/en\/wp-json\/wp\/v2\/product"}],"about":[{"href":"https:\/\/lina-production.com\/en\/wp-json\/wp\/v2\/types\/product"}],"replies":[{"embeddable":true,"href":"https:\/\/lina-production.com\/en\/wp-json\/wp\/v2\/comments?post=211"}],"version-history":[{"count":4,"href":"https:\/\/lina-production.com\/en\/wp-json\/wp\/v2\/product\/211\/revisions"}],"predecessor-version":[{"id":1256,"href":"https:\/\/lina-production.com\/en\/wp-json\/wp\/v2\/product\/211\/revisions\/1256"}],"wp:featuredmedia":[{"embeddable":true,"href":"https:\/\/lina-production.com\/en\/wp-json\/wp\/v2\/media\/1334"}],"wp:attachment":[{"href":"https:\/\/lina-production.com\/en\/wp-json\/wp\/v2\/media?parent=211"}],"wp:term":[{"taxonomy":"product_brand","embeddable":true,"href":"https:\/\/lina-production.com\/en\/wp-json\/wp\/v2\/product_brand?post=211"},{"taxonomy":"product_cat","embeddable":true,"href":"https:\/\/lina-production.com\/en\/wp-json\/wp\/v2\/product_cat?post=211"},{"taxonomy":"product_tag","embeddable":true,"href":"https:\/\/lina-production.com\/en\/wp-json\/wp\/v2\/product_tag?post=211"}],"curies":[{"name":"wp","href":"https:\/\/api.w.org\/{rel}","templated":true}]}}