{"id":270,"date":"2023-06-15T12:52:41","date_gmt":"2023-06-15T12:52:41","guid":{"rendered":"https:\/\/dummy.xtemos.com\/woodmart2\/kids-elementor\/?post_type=product&#038;p=270"},"modified":"2026-02-26T10:45:10","modified_gmt":"2026-02-26T10:45:10","slug":"doudoune","status":"publish","type":"product","link":"https:\/\/lina-production.com\/en\/product\/doudoune\/","title":{"rendered":"Doudoune sans manches"},"content":{"rendered":"<h3 data-path-to-node=\"2\"><b data-path-to-node=\"2\" data-index-in-node=\"0\">Doudoune sans manches \u2013 Chaleur &amp; Libert\u00e9<\/b><\/h3>\n<p data-path-to-node=\"3\">Restez au chaud avec style gr\u00e2ce \u00e0 cette doudoune sans manches, l\u00e9g\u00e8re et confortable. Elle est id\u00e9ale pour superposer vos tenues tout en gardant une libert\u00e9 de mouvement totale.<\/p>\n<p data-path-to-node=\"4\"><b data-path-to-node=\"4\" data-index-in-node=\"0\">Caract\u00e9ristiques :<\/b><\/p>\n<ul data-path-to-node=\"5\">\n<li>\n<p data-path-to-node=\"5,0,0\"><b data-path-to-node=\"5,0,0\" data-index-in-node=\"0\">Isolation :<\/b> Rembourrage chaud et protecteur contre le froid.<\/p>\n<\/li>\n<li>\n<p data-path-to-node=\"5,1,0\"><b data-path-to-node=\"5,1,0\" data-index-in-node=\"0\">L\u00e9g\u00e8ret\u00e9 :<\/b> Confort plume pour un usage quotidien sans encombrement.<\/p>\n<\/li>\n<li>\n<p data-path-to-node=\"5,2,0\"><b data-path-to-node=\"5,2,0\" data-index-in-node=\"0\">Design :<\/b> Coupe moderne et sans manches, parfaite pour le layering.<\/p>\n<\/li>\n<li>\n<p data-path-to-node=\"5,3,0\"><b data-path-to-node=\"5,3,0\" data-index-in-node=\"0\">Praticit\u00e9 :<\/b> Fermeture \u00e9clair robuste et col montant protecteur.<\/p>\n<\/li>\n<\/ul>\n<p data-path-to-node=\"6\"><b data-path-to-node=\"6\" data-index-in-node=\"0\">Le compromis parfait entre protection thermique et look urbain.<\/b><\/p>","protected":false},"excerpt":{"rendered":"<h3 data-path-to-node=\"2\"><b data-path-to-node=\"2\" data-index-in-node=\"0\">Doudoune sans manches \u2013 Chaleur &amp; Libert\u00e9<\/b><\/h3>\n<p data-path-to-node=\"3\">Restez au chaud avec style gr\u00e2ce \u00e0 cette doudoune sans manches, l\u00e9g\u00e8re et confortable. Elle est id\u00e9ale pour superposer vos tenues tout en gardant une libert\u00e9 de mouvement totale.<\/p>\n<p data-path-to-node=\"4\"><b data-path-to-node=\"4\" data-index-in-node=\"0\">Caract\u00e9ristiques :<\/b><\/p>\n<ul data-path-to-node=\"5\">\n<li>\n<p data-path-to-node=\"5,0,0\"><b data-path-to-node=\"5,0,0\" data-index-in-node=\"0\">Isolation :<\/b> Rembourrage chaud et protecteur contre le froid.<\/p>\n<\/li>\n<li>\n<p data-path-to-node=\"5,1,0\"><b data-path-to-node=\"5,1,0\" data-index-in-node=\"0\">L\u00e9g\u00e8ret\u00e9 :<\/b> Confort plume pour un usage quotidien sans encombrement.<\/p>\n<\/li>\n<li>\n<p data-path-to-node=\"5,2,0\"><b data-path-to-node=\"5,2,0\" data-index-in-node=\"0\">Design :<\/b> Coupe moderne et sans manches, parfaite pour le layering.<\/p>\n<\/li>\n<li>\n<p data-path-to-node=\"5,3,0\"><b data-path-to-node=\"5,3,0\" data-index-in-node=\"0\">Praticit\u00e9 :<\/b> Fermeture \u00e9clair robuste et col montant protecteur.<\/p>\n<\/li>\n<\/ul>\n<p data-path-to-node=\"6\"><b data-path-to-node=\"6\" data-index-in-node=\"0\">Le compromis parfait entre protection thermique et look urbain.<\/b><\/p>","protected":false},"featured_media":1140,"comment_status":"closed","ping_status":"closed","template":"","meta":[],"product_brand":[],"product_cat":[28],"product_tag":[],"class_list":{"0":"post-270","1":"product","2":"type-product","3":"status-publish","4":"has-post-thumbnail","6":"product_cat-doudoune","8":"first","9":"instock","10":"shipping-taxable","11":"purchasable","12":"product-type-variable"},"_links":{"self":[{"href":"https:\/\/lina-production.com\/en\/wp-json\/wp\/v2\/product\/270","targetHints":{"allow":["GET"]}}],"collection":[{"href":"https:\/\/lina-production.com\/en\/wp-json\/wp\/v2\/product"}],"about":[{"href":"https:\/\/lina-production.com\/en\/wp-json\/wp\/v2\/types\/product"}],"replies":[{"embeddable":true,"href":"https:\/\/lina-production.com\/en\/wp-json\/wp\/v2\/comments?post=270"}],"version-history":[{"count":5,"href":"https:\/\/lina-production.com\/en\/wp-json\/wp\/v2\/product\/270\/revisions"}],"predecessor-version":[{"id":939,"href":"https:\/\/lina-production.com\/en\/wp-json\/wp\/v2\/product\/270\/revisions\/939"}],"wp:featuredmedia":[{"embeddable":true,"href":"https:\/\/lina-production.com\/en\/wp-json\/wp\/v2\/media\/1140"}],"wp:attachment":[{"href":"https:\/\/lina-production.com\/en\/wp-json\/wp\/v2\/media?parent=270"}],"wp:term":[{"taxonomy":"product_brand","embeddable":true,"href":"https:\/\/lina-production.com\/en\/wp-json\/wp\/v2\/product_brand?post=270"},{"taxonomy":"product_cat","embeddable":true,"href":"https:\/\/lina-production.com\/en\/wp-json\/wp\/v2\/product_cat?post=270"},{"taxonomy":"product_tag","embeddable":true,"href":"https:\/\/lina-production.com\/en\/wp-json\/wp\/v2\/product_tag?post=270"}],"curies":[{"name":"wp","href":"https:\/\/api.w.org\/{rel}","templated":true}]}}