{"id":271,"date":"2023-06-15T12:52:41","date_gmt":"2023-06-15T12:52:41","guid":{"rendered":"https:\/\/dummy.xtemos.com\/woodmart2\/kids-elementor\/?post_type=product&#038;p=271"},"modified":"2026-03-19T11:27:36","modified_gmt":"2026-03-19T11:27:36","slug":"manteaux","status":"publish","type":"product","link":"https:\/\/lina-production.com\/en\/product\/manteaux\/","title":{"rendered":"Manteaux"},"content":{"rendered":"<p><strong data-start=\"204\" data-end=\"257\">Manteau en cachemire doubl\u00e9 \u2013 \u00c9l\u00e9gance et chaleur<\/strong><br data-start=\"257\" data-end=\"260\" \/>Alliez confort et style avec ce manteau en cachemire doux et chaud, dot\u00e9 d\u2019une doublure confortable pour vous prot\u00e9ger du froid. Sa coupe raffin\u00e9e et sa qualit\u00e9 100 % tunisienne en font un incontournable pour un look chic et sophistiqu\u00e9 tout l\u2019hiver.<\/p>","protected":false},"excerpt":{"rendered":"<p data-start=\"204\" data-end=\"512\"><strong data-start=\"204\" data-end=\"257\">Manteau en cachemire doubl\u00e9 \u2013 \u00c9l\u00e9gance et chaleur<\/strong><br data-start=\"257\" data-end=\"260\" \/>Alliez confort et style avec ce manteau en cachemire doux et chaud, dot\u00e9 d\u2019une doublure confortable pour vous prot\u00e9ger du froid. Sa coupe raffin\u00e9e et sa qualit\u00e9 100 % tunisienne en font un incontournable pour un look chic et sophistiqu\u00e9 tout l\u2019hiver.<\/p>\n<p data-start=\"514\" data-end=\"538\"><strong data-start=\"514\" data-end=\"536\">Caract\u00e9ristiques :<\/strong><\/p>\n<ul data-start=\"539\" data-end=\"675\">\n<li data-start=\"539\" data-end=\"567\">\n<p data-start=\"541\" data-end=\"567\">Mati\u00e8re : cachemire doux<\/p>\n<\/li>\n<li data-start=\"568\" data-end=\"612\">\n<p data-start=\"570\" data-end=\"612\">Doublure int\u00e9rieure pour plus de chaleur<\/p>\n<\/li>\n<li data-start=\"613\" data-end=\"642\">\n<p data-start=\"615\" data-end=\"642\">Coupe \u00e9l\u00e9gante et moderne<\/p>\n<\/li>\n<li data-start=\"643\" data-end=\"675\">\n<p data-start=\"645\" data-end=\"675\">Fabrication 100 % tunisienne<\/p>\n<\/li>\n<\/ul>","protected":false},"featured_media":1150,"comment_status":"closed","ping_status":"closed","template":"","meta":[],"product_brand":[],"product_cat":[26],"product_tag":[],"class_list":{"0":"post-271","1":"product","2":"type-product","3":"status-publish","4":"has-post-thumbnail","6":"product_cat-manteaux","8":"first","9":"instock","10":"shipping-taxable","11":"purchasable","12":"product-type-variable"},"_links":{"self":[{"href":"https:\/\/lina-production.com\/en\/wp-json\/wp\/v2\/product\/271","targetHints":{"allow":["GET"]}}],"collection":[{"href":"https:\/\/lina-production.com\/en\/wp-json\/wp\/v2\/product"}],"about":[{"href":"https:\/\/lina-production.com\/en\/wp-json\/wp\/v2\/types\/product"}],"replies":[{"embeddable":true,"href":"https:\/\/lina-production.com\/en\/wp-json\/wp\/v2\/comments?post=271"}],"version-history":[{"count":5,"href":"https:\/\/lina-production.com\/en\/wp-json\/wp\/v2\/product\/271\/revisions"}],"predecessor-version":[{"id":1148,"href":"https:\/\/lina-production.com\/en\/wp-json\/wp\/v2\/product\/271\/revisions\/1148"}],"wp:featuredmedia":[{"embeddable":true,"href":"https:\/\/lina-production.com\/en\/wp-json\/wp\/v2\/media\/1150"}],"wp:attachment":[{"href":"https:\/\/lina-production.com\/en\/wp-json\/wp\/v2\/media?parent=271"}],"wp:term":[{"taxonomy":"product_brand","embeddable":true,"href":"https:\/\/lina-production.com\/en\/wp-json\/wp\/v2\/product_brand?post=271"},{"taxonomy":"product_cat","embeddable":true,"href":"https:\/\/lina-production.com\/en\/wp-json\/wp\/v2\/product_cat?post=271"},{"taxonomy":"product_tag","embeddable":true,"href":"https:\/\/lina-production.com\/en\/wp-json\/wp\/v2\/product_tag?post=271"}],"curies":[{"name":"wp","href":"https:\/\/api.w.org\/{rel}","templated":true}]}}