{"id":272,"date":"2023-06-15T12:52:41","date_gmt":"2023-06-15T12:52:41","guid":{"rendered":"https:\/\/dummy.xtemos.com\/woodmart2\/kids-elementor\/?post_type=product&#038;p=272"},"modified":"2026-02-26T10:52:45","modified_gmt":"2026-02-26T10:52:45","slug":"set","status":"publish","type":"product","link":"https:\/\/lina-production.com\/en\/product\/set\/","title":{"rendered":"Set en coton 100 %"},"content":{"rendered":"<p data-start=\"118\" data-end=\"383\"><strong data-start=\"118\" data-end=\"159\">Set en coton 100 % \u2013 Confort et style<\/strong><br data-start=\"159\" data-end=\"162\" \/>Profitez du confort naturel du coton avec ce set doux et respirant, id\u00e9al pour toutes vos occasions. L\u00e9ger, agr\u00e9able \u00e0 porter et facile \u00e0 entretenir, il combine praticit\u00e9 et \u00e9l\u00e9gance pour un look moderne et d\u00e9contract\u00e9.<\/p>","protected":false},"excerpt":{"rendered":"<p data-start=\"118\" data-end=\"383\"><strong data-start=\"118\" data-end=\"159\">Set en coton 100 % \u2013 Confort et style<\/strong><br data-start=\"159\" data-end=\"162\" \/>Profitez du confort naturel du coton avec ce set doux et respirant, id\u00e9al pour toutes vos occasions. L\u00e9ger, agr\u00e9able \u00e0 porter et facile \u00e0 entretenir, il combine praticit\u00e9 et \u00e9l\u00e9gance pour un look moderne et d\u00e9contract\u00e9.<\/p>\n<p data-start=\"385\" data-end=\"409\"><strong data-start=\"385\" data-end=\"407\">Caract\u00e9ristiques :<\/strong><\/p>\n<ul data-start=\"410\" data-end=\"593\">\n<li data-start=\"410\" data-end=\"443\">\n<p data-start=\"412\" data-end=\"443\">Mati\u00e8re : 100 % coton naturel<\/p>\n<\/li>\n<li data-start=\"444\" data-end=\"465\">\n<p data-start=\"446\" data-end=\"465\">Doux et respirant<\/p>\n<\/li>\n<li data-start=\"466\" data-end=\"505\">\n<p data-start=\"468\" data-end=\"505\">Confortable pour un usage quotidien<\/p>\n<\/li>\n<li data-start=\"506\" data-end=\"538\">\n<p data-start=\"508\" data-end=\"538\">Facile \u00e0 laver et entretenir<\/p>\n<\/li>\n<li data-start=\"539\" data-end=\"593\">\n<p data-start=\"541\" data-end=\"593\">Coupe moderne et adapt\u00e9e \u00e0 toutes les morphologies<\/p>\n<\/li>\n<\/ul>","protected":false},"featured_media":1180,"comment_status":"closed","ping_status":"closed","template":"","meta":[],"product_brand":[],"product_cat":[27],"product_tag":[],"class_list":{"0":"post-272","1":"product","2":"type-product","3":"status-publish","4":"has-post-thumbnail","6":"product_cat-sets","8":"first","9":"instock","10":"shipping-taxable","11":"purchasable","12":"product-type-variable"},"_links":{"self":[{"href":"https:\/\/lina-production.com\/en\/wp-json\/wp\/v2\/product\/272","targetHints":{"allow":["GET"]}}],"collection":[{"href":"https:\/\/lina-production.com\/en\/wp-json\/wp\/v2\/product"}],"about":[{"href":"https:\/\/lina-production.com\/en\/wp-json\/wp\/v2\/types\/product"}],"replies":[{"embeddable":true,"href":"https:\/\/lina-production.com\/en\/wp-json\/wp\/v2\/comments?post=272"}],"version-history":[{"count":5,"href":"https:\/\/lina-production.com\/en\/wp-json\/wp\/v2\/product\/272\/revisions"}],"predecessor-version":[{"id":966,"href":"https:\/\/lina-production.com\/en\/wp-json\/wp\/v2\/product\/272\/revisions\/966"}],"wp:featuredmedia":[{"embeddable":true,"href":"https:\/\/lina-production.com\/en\/wp-json\/wp\/v2\/media\/1180"}],"wp:attachment":[{"href":"https:\/\/lina-production.com\/en\/wp-json\/wp\/v2\/media?parent=272"}],"wp:term":[{"taxonomy":"product_brand","embeddable":true,"href":"https:\/\/lina-production.com\/en\/wp-json\/wp\/v2\/product_brand?post=272"},{"taxonomy":"product_cat","embeddable":true,"href":"https:\/\/lina-production.com\/en\/wp-json\/wp\/v2\/product_cat?post=272"},{"taxonomy":"product_tag","embeddable":true,"href":"https:\/\/lina-production.com\/en\/wp-json\/wp\/v2\/product_tag?post=272"}],"curies":[{"name":"wp","href":"https:\/\/api.w.org\/{rel}","templated":true}]}}