{"id":273,"date":"2023-06-15T12:52:41","date_gmt":"2023-06-15T12:52:41","guid":{"rendered":"https:\/\/dummy.xtemos.com\/woodmart2\/kids-elementor\/?post_type=product&#038;p=273"},"modified":"2026-02-26T12:55:12","modified_gmt":"2026-02-26T12:55:12","slug":"jupe","status":"publish","type":"product","link":"https:\/\/lina-production.com\/en\/product\/jupe\/","title":{"rendered":"Jupe en satin"},"content":{"rendered":"<p><strong data-start=\"108\" data-end=\"148\">Jupe en satin \u2013 \u00c9l\u00e9gance et fluidit\u00e9<\/strong><br data-start=\"148\" data-end=\"151\" \/>Apportez une touche de sophistication \u00e0 votre tenue avec cette jupe en tissu satin\u00e9, douce et l\u00e9g\u00e8re. Sa coupe fluide met en valeur toutes les silhouettes, id\u00e9ale pour vos sorties ou occasions sp\u00e9ciales.<\/p>","protected":false},"excerpt":{"rendered":"<p data-start=\"108\" data-end=\"356\"><strong data-start=\"108\" data-end=\"148\">Jupe en satin \u2013 \u00c9l\u00e9gance et fluidit\u00e9<\/strong><br data-start=\"148\" data-end=\"151\" \/>Apportez une touche de sophistication \u00e0 votre tenue avec cette jupe en tissu satin\u00e9, douce et l\u00e9g\u00e8re. Sa coupe fluide met en valeur toutes les silhouettes, id\u00e9ale pour vos sorties ou occasions sp\u00e9ciales.<\/p>\n<p data-start=\"358\" data-end=\"382\"><strong data-start=\"358\" data-end=\"380\">Caract\u00e9ristiques :<\/strong><\/p>\n<ul data-start=\"383\" data-end=\"548\">\n<li data-start=\"383\" data-end=\"416\">\n<p data-start=\"385\" data-end=\"416\">Mati\u00e8re : satin doux et l\u00e9ger<\/p>\n<\/li>\n<li data-start=\"417\" data-end=\"445\">\n<p data-start=\"419\" data-end=\"445\">Coupe fluide et \u00e9l\u00e9gante<\/p>\n<\/li>\n<li data-start=\"446\" data-end=\"482\">\n<p data-start=\"448\" data-end=\"482\">Confortable et agr\u00e9able \u00e0 porter<\/p>\n<\/li>\n<li data-start=\"483\" data-end=\"548\">\n<p data-start=\"485\" data-end=\"548\">Id\u00e9ale pour un look chic ou d\u00e9contract\u00e9 selon les accessoires<\/p>\n<\/li>\n<\/ul>","protected":false},"featured_media":1207,"comment_status":"closed","ping_status":"closed","template":"","meta":[],"product_brand":[],"product_cat":[24],"product_tag":[],"class_list":{"0":"post-273","1":"product","2":"type-product","3":"status-publish","4":"has-post-thumbnail","6":"product_cat-jupe","8":"first","9":"outofstock","10":"shipping-taxable","11":"purchasable","12":"product-type-variable"},"_links":{"self":[{"href":"https:\/\/lina-production.com\/en\/wp-json\/wp\/v2\/product\/273","targetHints":{"allow":["GET"]}}],"collection":[{"href":"https:\/\/lina-production.com\/en\/wp-json\/wp\/v2\/product"}],"about":[{"href":"https:\/\/lina-production.com\/en\/wp-json\/wp\/v2\/types\/product"}],"replies":[{"embeddable":true,"href":"https:\/\/lina-production.com\/en\/wp-json\/wp\/v2\/comments?post=273"}],"version-history":[{"count":5,"href":"https:\/\/lina-production.com\/en\/wp-json\/wp\/v2\/product\/273\/revisions"}],"predecessor-version":[{"id":1191,"href":"https:\/\/lina-production.com\/en\/wp-json\/wp\/v2\/product\/273\/revisions\/1191"}],"wp:featuredmedia":[{"embeddable":true,"href":"https:\/\/lina-production.com\/en\/wp-json\/wp\/v2\/media\/1207"}],"wp:attachment":[{"href":"https:\/\/lina-production.com\/en\/wp-json\/wp\/v2\/media?parent=273"}],"wp:term":[{"taxonomy":"product_brand","embeddable":true,"href":"https:\/\/lina-production.com\/en\/wp-json\/wp\/v2\/product_brand?post=273"},{"taxonomy":"product_cat","embeddable":true,"href":"https:\/\/lina-production.com\/en\/wp-json\/wp\/v2\/product_cat?post=273"},{"taxonomy":"product_tag","embeddable":true,"href":"https:\/\/lina-production.com\/en\/wp-json\/wp\/v2\/product_tag?post=273"}],"curies":[{"name":"wp","href":"https:\/\/api.w.org\/{rel}","templated":true}]}}