{"id":283,"date":"2023-06-15T12:52:41","date_gmt":"2023-06-15T12:52:41","guid":{"rendered":"https:\/\/dummy.xtemos.com\/woodmart2\/kids-elementor\/?post_type=product&#038;p=283"},"modified":"2026-02-26T13:00:45","modified_gmt":"2026-02-26T13:00:45","slug":"pantalons","status":"publish","type":"product","link":"https:\/\/lina-production.com\/en\/product\/pantalons\/","title":{"rendered":"Pantalons"},"content":{"rendered":"<p data-start=\"117\" data-end=\"351\"><strong data-start=\"117\" data-end=\"172\">Pantalon molleton non gratt\u00e9 \u2013 Confort au quotidien<\/strong><br data-start=\"172\" data-end=\"175\" \/>Alliez confort et style avec ce pantalon en molleton non gratt\u00e9, l\u00e9ger et agr\u00e9able \u00e0 porter toute la journ\u00e9e. Parfait pour un look d\u00e9contract\u00e9 ou pour vos moments de d\u00e9tente.<\/p>","protected":false},"excerpt":{"rendered":"<p data-start=\"117\" data-end=\"351\"><strong data-start=\"117\" data-end=\"172\">Pantalon molleton non gratt\u00e9 \u2013 Confort au quotidien<\/strong><br data-start=\"172\" data-end=\"175\" \/>Alliez confort et style avec ce pantalon en molleton non gratt\u00e9, l\u00e9ger et agr\u00e9able \u00e0 porter toute la journ\u00e9e. Parfait pour un look d\u00e9contract\u00e9 ou pour vos moments de d\u00e9tente.<\/p>\n<p><strong data-start=\"372\" data-end=\"394\">Caract\u00e9ristiques :<\/strong><\/p>\n<ul data-start=\"397\" data-end=\"561\">\n<li data-start=\"397\" data-end=\"449\">\n<p data-start=\"399\" data-end=\"449\">Mati\u00e8re : molleton non gratt\u00e9, doux et respirant<\/p>\n<\/li>\n<li data-start=\"450\" data-end=\"482\">\n<p data-start=\"452\" data-end=\"482\">Coupe confortable et moderne<\/p>\n<\/li>\n<li data-start=\"483\" data-end=\"516\">\n<p data-start=\"485\" data-end=\"516\">Id\u00e9al pour un usage quotidien<\/p>\n<\/li>\n<li data-start=\"517\" data-end=\"561\">\n<p data-start=\"519\" data-end=\"561\">Facile \u00e0 assortir avec toutes vos tenues<\/p>\n<\/li>\n<\/ul>","protected":false},"featured_media":1337,"comment_status":"closed","ping_status":"closed","template":"","meta":[],"product_brand":[],"product_cat":[23],"product_tag":[],"class_list":{"0":"post-283","1":"product","2":"type-product","3":"status-publish","4":"has-post-thumbnail","6":"product_cat-pantalons","8":"first","9":"instock","10":"shipping-taxable","11":"purchasable","12":"product-type-variable"},"_links":{"self":[{"href":"https:\/\/lina-production.com\/en\/wp-json\/wp\/v2\/product\/283","targetHints":{"allow":["GET"]}}],"collection":[{"href":"https:\/\/lina-production.com\/en\/wp-json\/wp\/v2\/product"}],"about":[{"href":"https:\/\/lina-production.com\/en\/wp-json\/wp\/v2\/types\/product"}],"replies":[{"embeddable":true,"href":"https:\/\/lina-production.com\/en\/wp-json\/wp\/v2\/comments?post=283"}],"version-history":[{"count":6,"href":"https:\/\/lina-production.com\/en\/wp-json\/wp\/v2\/product\/283\/revisions"}],"predecessor-version":[{"id":1196,"href":"https:\/\/lina-production.com\/en\/wp-json\/wp\/v2\/product\/283\/revisions\/1196"}],"wp:featuredmedia":[{"embeddable":true,"href":"https:\/\/lina-production.com\/en\/wp-json\/wp\/v2\/media\/1337"}],"wp:attachment":[{"href":"https:\/\/lina-production.com\/en\/wp-json\/wp\/v2\/media?parent=283"}],"wp:term":[{"taxonomy":"product_brand","embeddable":true,"href":"https:\/\/lina-production.com\/en\/wp-json\/wp\/v2\/product_brand?post=283"},{"taxonomy":"product_cat","embeddable":true,"href":"https:\/\/lina-production.com\/en\/wp-json\/wp\/v2\/product_cat?post=283"},{"taxonomy":"product_tag","embeddable":true,"href":"https:\/\/lina-production.com\/en\/wp-json\/wp\/v2\/product_tag?post=283"}],"curies":[{"name":"wp","href":"https:\/\/api.w.org\/{rel}","templated":true}]}}