{"id":289,"date":"2023-06-15T12:52:41","date_gmt":"2023-06-15T12:52:41","guid":{"rendered":"https:\/\/dummy.xtemos.com\/woodmart2\/kids-elementor\/?post_type=product&#038;p=289"},"modified":"2026-02-26T13:02:08","modified_gmt":"2026-02-26T13:02:08","slug":"gift-card-50","status":"publish","type":"product","link":"https:\/\/lina-production.com\/en\/product\/gift-card-50\/","title":{"rendered":"Pull ajust\u00e9 en coton"},"content":{"rendered":"<h3 data-start=\"139\" data-end=\"197\">Pull en coton \u2013 Confort naturel et \u00e9l\u00e9gance durable<\/h3>\n<p data-start=\"199\" data-end=\"446\">Offrez-vous un pull en coton 100 % naturel, id\u00e9al pour allier style, douceur et confort au quotidien. Con\u00e7u avec un tissu respirant et agr\u00e9able au toucher, il assure une sensation de bien-\u00eatre tout au long de la journ\u00e9e, quelle que soit la saison.<\/p>\n<p data-start=\"448\" data-end=\"670\">Sa coupe moderne et soign\u00e9e s\u2019adapte parfaitement \u00e0 toutes les morphologies et se marie facilement avec un jean, une jupe ou un pantalon chic. Un indispensable de la garde-robe pour un look simple, tendance et confortable.<\/p>\n<h4 data-start=\"672\" data-end=\"695\"><\/h4>","protected":false},"excerpt":{"rendered":"<h3 data-start=\"139\" data-end=\"197\">Pull en coton \u2013 Confort naturel et \u00e9l\u00e9gance durable<\/h3>\n<p data-start=\"199\" data-end=\"446\">Offrez-vous un pull en coton 100 % naturel, id\u00e9al pour allier style, douceur et confort au quotidien. Con\u00e7u avec un tissu respirant et agr\u00e9able au toucher, il assure une sensation de bien-\u00eatre tout au long de la journ\u00e9e, quelle que soit la saison.<\/p>\n<p data-start=\"448\" data-end=\"670\">Sa coupe moderne et soign\u00e9e s\u2019adapte parfaitement \u00e0 toutes les morphologies et se marie facilement avec un jean, une jupe ou un pantalon chic. Un indispensable de la garde-robe pour un look simple, tendance et confortable.<\/p>\n<h4 data-start=\"672\" data-end=\"695\">Caract\u00e9ristiques :<\/h4>\n<p data-start=\"696\" data-end=\"863\">Coton naturel de haute qualit\u00e9<br data-start=\"729\" data-end=\"732\" \/>\u00a0Tissu doux, l\u00e9ger et respirant<br data-start=\"765\" data-end=\"768\" \/>\u00a0Coupe \u00e9l\u00e9gante et intemporelle<br data-start=\"801\" data-end=\"804\" \/>\u00a0R\u00e9sistant aux lavages<br data-start=\"828\" data-end=\"831\" \/>\u00a0Adapt\u00e9 \u00e0 toutes les saisons<\/p>","protected":false},"featured_media":1226,"comment_status":"open","ping_status":"closed","template":"","meta":[],"product_brand":[],"product_cat":[29],"product_tag":[],"class_list":{"0":"post-289","1":"product","2":"type-product","3":"status-publish","4":"has-post-thumbnail","6":"product_cat-pull","8":"first","9":"outofstock","10":"shipping-taxable","11":"purchasable","12":"product-type-variable"},"_links":{"self":[{"href":"https:\/\/lina-production.com\/en\/wp-json\/wp\/v2\/product\/289","targetHints":{"allow":["GET"]}}],"collection":[{"href":"https:\/\/lina-production.com\/en\/wp-json\/wp\/v2\/product"}],"about":[{"href":"https:\/\/lina-production.com\/en\/wp-json\/wp\/v2\/types\/product"}],"replies":[{"embeddable":true,"href":"https:\/\/lina-production.com\/en\/wp-json\/wp\/v2\/comments?post=289"}],"version-history":[{"count":4,"href":"https:\/\/lina-production.com\/en\/wp-json\/wp\/v2\/product\/289\/revisions"}],"predecessor-version":[{"id":1229,"href":"https:\/\/lina-production.com\/en\/wp-json\/wp\/v2\/product\/289\/revisions\/1229"}],"wp:featuredmedia":[{"embeddable":true,"href":"https:\/\/lina-production.com\/en\/wp-json\/wp\/v2\/media\/1226"}],"wp:attachment":[{"href":"https:\/\/lina-production.com\/en\/wp-json\/wp\/v2\/media?parent=289"}],"wp:term":[{"taxonomy":"product_brand","embeddable":true,"href":"https:\/\/lina-production.com\/en\/wp-json\/wp\/v2\/product_brand?post=289"},{"taxonomy":"product_cat","embeddable":true,"href":"https:\/\/lina-production.com\/en\/wp-json\/wp\/v2\/product_cat?post=289"},{"taxonomy":"product_tag","embeddable":true,"href":"https:\/\/lina-production.com\/en\/wp-json\/wp\/v2\/product_tag?post=289"}],"curies":[{"name":"wp","href":"https:\/\/api.w.org\/{rel}","templated":true}]}}